{"id":367,"date":"2015-08-14T10:20:24","date_gmt":"2015-08-14T10:20:24","guid":{"rendered":"http:\/\/arte-cristal.de\/?page_id=367"},"modified":"2017-06-26T20:10:52","modified_gmt":"2017-06-26T20:10:52","slug":"anhaenger","status":"publish","type":"page","link":"http:\/\/arte-cristal.de\/?page_id=367","title":{"rendered":"Anh\u00e4nger"},"content":{"rendered":"<p>\n<div class=\"ngg-galleryoverview ngg-template-caption\" id=\"ngg-gallery-93853ec1736e74927f5400f59cba6a02-367\">\n\n\t\t\n\t<!-- Thumbnails -->\n\t\t\t\t\n\t<div id=\"ngg-image-42\" class=\"ngg-gallery-thumbnail-box\" \n\t\t\t\t\t\t\t\t\t\t>\n\t\t<div class=\"ngg-gallery-thumbnail\" >\n\t\t\t<a href=\"\n\t\t\thttp:\/\/arte-cristal.de\/wp-content\/gallery\/anhaenger\/Keramikanh%C3%A4nger.jpg?t=1621837376\t\t\t\"\n\t\t\t\ttitle=\"Keramikanh\u00e4nger Kapselbrand\"\n\t\t\t\tclass=\"ngg-fancybox\" rel=\"93853ec1736e74927f5400f59cba6a02\" data-image-id=\"42\" data-src=\"http:\/\/arte-cristal.de\/wp-content\/gallery\/anhaenger\/Keramikanh%C3%A4nger.jpg?t=1621837376\" data-thumbnail=\"http:\/\/arte-cristal.de\/wp-content\/gallery\/anhaenger\/thumbs\/thumbs_Keramikanh%C3%A4nger.jpg?t=1621837376\" data-title=\"Keramikanh\u00e4nger\" data-description=\"Keramikanh\u00e4nger Kapselbrand\"\t\t\t\t>\n\t\t\t\t\t\t\t\t<img title=\"Keramikanh\u00e4nger\" alt=\"Keramikanh\u00e4nger\" src=\"\n\t\t\t\t\t\t\t\t\t\thttp:\/\/arte-cristal.de\/wp-content\/gallery\/anhaenger\/thumbs\/thumbs_Keramikanh%C3%A4nger.jpg?t=1621837376\t\t\t\t\" \n\t\t\t\t\twidth='240' height='160'\t\t\t\t\/>\n\t\t\t\t\t\t\t<\/a>\n\t\t\t<span>\n\t\t\tKeramikanh\u00e4nger Kapselbrand\t\t\t<\/span>\n\t\t<\/div>\n\t<\/div>\n\t\t\t\t\t\t\t\n\t<div id=\"ngg-image-65\" class=\"ngg-gallery-thumbnail-box\" \n\t\t\t\t\t\t\t\t\t\t>\n\t\t<div class=\"ngg-gallery-thumbnail\" >\n\t\t\t<a href=\"\n\t\t\thttp:\/\/arte-cristal.de\/wp-content\/gallery\/anhaenger\/Anh%C3%A4nger2.jpg?t=1449300772\t\t\t\"\n\t\t\t\ttitle=\"Glasperlenanh\u00e4nger\"\n\t\t\t\tclass=\"ngg-fancybox\" rel=\"93853ec1736e74927f5400f59cba6a02\" data-image-id=\"65\" data-src=\"http:\/\/arte-cristal.de\/wp-content\/gallery\/anhaenger\/Anh%C3%A4nger2.jpg?t=1449300772\" data-thumbnail=\"http:\/\/arte-cristal.de\/wp-content\/gallery\/anhaenger\/thumbs\/thumbs_Anh%C3%A4nger2.jpg?t=1449300772\" data-title=\"Anh\u00e4nger2\" data-description=\"Glasperlenanh\u00e4nger\"\t\t\t\t>\n\t\t\t\t\t\t\t\t<img title=\"Anh\u00e4nger2\" alt=\"Anh\u00e4nger2\" src=\"\n\t\t\t\t\t\t\t\t\t\thttp:\/\/arte-cristal.de\/wp-content\/gallery\/anhaenger\/thumbs\/thumbs_Anh%C3%A4nger2.jpg?t=1449300772\t\t\t\t\" \n\t\t\t\t\twidth='240' height='160'\t\t\t\t\/>\n\t\t\t\t\t\t\t<\/a>\n\t\t\t<span>\n\t\t\tGlasperlenanh\u00e4nger\t\t\t<\/span>\n\t\t<\/div>\n\t<\/div>\n\t\t\t\t\t\t\t\n\t<div id=\"ngg-image-66\" class=\"ngg-gallery-thumbnail-box\" \n\t\t\t\t\t\t\t\t\t\t>\n\t\t<div class=\"ngg-gallery-thumbnail\" >\n\t\t\t<a href=\"\n\t\t\thttp:\/\/arte-cristal.de\/wp-content\/gallery\/anhaenger\/Anh%C3%A4nger6.jpg?t=1449300772\t\t\t\"\n\t\t\t\ttitle=\"Keramikanh\u00e4nger Kapselbrand\"\n\t\t\t\tclass=\"ngg-fancybox\" rel=\"93853ec1736e74927f5400f59cba6a02\" data-image-id=\"66\" data-src=\"http:\/\/arte-cristal.de\/wp-content\/gallery\/anhaenger\/Anh%C3%A4nger6.jpg?t=1449300772\" data-thumbnail=\"http:\/\/arte-cristal.de\/wp-content\/gallery\/anhaenger\/thumbs\/thumbs_Anh%C3%A4nger6.jpg?t=1449300772\" data-title=\"Anh\u00e4nger6\" data-description=\"Keramikanh\u00e4nger Kapselbrand\"\t\t\t\t>\n\t\t\t\t\t\t\t\t<img title=\"Anh\u00e4nger6\" alt=\"Anh\u00e4nger6\" src=\"\n\t\t\t\t\t\t\t\t\t\thttp:\/\/arte-cristal.de\/wp-content\/gallery\/anhaenger\/thumbs\/thumbs_Anh%C3%A4nger6.jpg?t=1449300772\t\t\t\t\" \n\t\t\t\t\twidth='240' height='160'\t\t\t\t\/>\n\t\t\t\t\t\t\t<\/a>\n\t\t\t<span>\n\t\t\tKeramikanh\u00e4nger Kapselbrand\t\t\t<\/span>\n\t\t<\/div>\n\t<\/div>\n\t\t\t\t\t\t\t\n\t<div id=\"ngg-image-67\" class=\"ngg-gallery-thumbnail-box\" \n\t\t\t\t\t\t\t\t\t\t>\n\t\t<div class=\"ngg-gallery-thumbnail\" >\n\t\t\t<a href=\"\n\t\t\thttp:\/\/arte-cristal.de\/wp-content\/gallery\/anhaenger\/Anh%C3%A4nger3.jpg?t=1449300772\t\t\t\"\n\t\t\t\ttitle=\"Glasperlenanh\u00e4nger mit Karabinerverschluss\"\n\t\t\t\tclass=\"ngg-fancybox\" rel=\"93853ec1736e74927f5400f59cba6a02\" data-image-id=\"67\" data-src=\"http:\/\/arte-cristal.de\/wp-content\/gallery\/anhaenger\/Anh%C3%A4nger3.jpg?t=1449300772\" data-thumbnail=\"http:\/\/arte-cristal.de\/wp-content\/gallery\/anhaenger\/thumbs\/thumbs_Anh%C3%A4nger3.jpg?t=1449300772\" data-title=\"Anh\u00e4nger3\" data-description=\"Glasperlenanh\u00e4nger mit Karabinerverschluss\"\t\t\t\t>\n\t\t\t\t\t\t\t\t<img title=\"Anh\u00e4nger3\" alt=\"Anh\u00e4nger3\" src=\"\n\t\t\t\t\t\t\t\t\t\thttp:\/\/arte-cristal.de\/wp-content\/gallery\/anhaenger\/thumbs\/thumbs_Anh%C3%A4nger3.jpg?t=1449300772\t\t\t\t\" \n\t\t\t\t\twidth='240' height='160'\t\t\t\t\/>\n\t\t\t\t\t\t\t<\/a>\n\t\t\t<span>\n\t\t\tGlasperlenanh\u00e4nger mit Karabinerverschluss\t\t\t<\/span>\n\t\t<\/div>\n\t<\/div>\n\t\t\t\t\t\t\t\n\t<div id=\"ngg-image-68\" class=\"ngg-gallery-thumbnail-box\" \n\t\t\t\t\t\t\t\t\t\t>\n\t\t<div class=\"ngg-gallery-thumbnail\" >\n\t\t\t<a href=\"\n\t\t\thttp:\/\/arte-cristal.de\/wp-content\/gallery\/anhaenger\/Anh%C3%A4nger4.jpg?t=1449300772\t\t\t\"\n\t\t\t\ttitle=\"Keramikanh\u00e4nger Ginkoblatt Kapselbrand\"\n\t\t\t\tclass=\"ngg-fancybox\" rel=\"93853ec1736e74927f5400f59cba6a02\" data-image-id=\"68\" data-src=\"http:\/\/arte-cristal.de\/wp-content\/gallery\/anhaenger\/Anh%C3%A4nger4.jpg?t=1449300772\" data-thumbnail=\"http:\/\/arte-cristal.de\/wp-content\/gallery\/anhaenger\/thumbs\/thumbs_Anh%C3%A4nger4.jpg?t=1449300772\" data-title=\"Anh\u00e4nger4\" data-description=\"Keramikanh\u00e4nger Ginkoblatt Kapselbrand\"\t\t\t\t>\n\t\t\t\t\t\t\t\t<img title=\"Anh\u00e4nger4\" alt=\"Anh\u00e4nger4\" src=\"\n\t\t\t\t\t\t\t\t\t\thttp:\/\/arte-cristal.de\/wp-content\/gallery\/anhaenger\/thumbs\/thumbs_Anh%C3%A4nger4.jpg?t=1449300772\t\t\t\t\" \n\t\t\t\t\twidth='240' height='160'\t\t\t\t\/>\n\t\t\t\t\t\t\t<\/a>\n\t\t\t<span>\n\t\t\tKeramikanh\u00e4nger Ginkoblatt Kapselbrand\t\t\t<\/span>\n\t\t<\/div>\n\t<\/div>\n\t\t\t\t\t\t\t\n\t<div id=\"ngg-image-69\" class=\"ngg-gallery-thumbnail-box\" \n\t\t\t\t\t\t\t\t\t\t>\n\t\t<div class=\"ngg-gallery-thumbnail\" >\n\t\t\t<a href=\"\n\t\t\thttp:\/\/arte-cristal.de\/wp-content\/gallery\/anhaenger\/Anh%C3%A4nger5.jpg?t=1449300772\t\t\t\"\n\t\t\t\ttitle=\"Keramikanh\u00e4nger Kapselbrand\"\n\t\t\t\tclass=\"ngg-fancybox\" rel=\"93853ec1736e74927f5400f59cba6a02\" data-image-id=\"69\" data-src=\"http:\/\/arte-cristal.de\/wp-content\/gallery\/anhaenger\/Anh%C3%A4nger5.jpg?t=1449300772\" data-thumbnail=\"http:\/\/arte-cristal.de\/wp-content\/gallery\/anhaenger\/thumbs\/thumbs_Anh%C3%A4nger5.jpg?t=1449300772\" data-title=\"Anh\u00e4nger5\" data-description=\"Keramikanh\u00e4nger Kapselbrand\"\t\t\t\t>\n\t\t\t\t\t\t\t\t<img title=\"Anh\u00e4nger5\" alt=\"Anh\u00e4nger5\" src=\"\n\t\t\t\t\t\t\t\t\t\thttp:\/\/arte-cristal.de\/wp-content\/gallery\/anhaenger\/thumbs\/thumbs_Anh%C3%A4nger5.jpg?t=1449300772\t\t\t\t\" \n\t\t\t\t\twidth='240' height='160'\t\t\t\t\/>\n\t\t\t\t\t\t\t<\/a>\n\t\t\t<span>\n\t\t\tKeramikanh\u00e4nger Kapselbrand\t\t\t<\/span>\n\t\t<\/div>\n\t<\/div>\n\t\t\t\t\t\t\t\t<!-- Pagination -->\n\t\t<div class='ngg-clear'><\/div>\n<\/div>\n\n\t<\/p>\n","protected":false},"excerpt":{"rendered":"<p>Keramikanh\u00e4nger Kapselbrand Glasperlenanh\u00e4nger Keramikanh\u00e4nger Kapselbrand Glasperlenanh\u00e4nger mit Karabinerverschluss Keramikanh\u00e4nger Ginkoblatt Kapselbrand Keramikanh\u00e4nger Kapselbrand<\/p>\n","protected":false},"author":1,"featured_media":0,"parent":0,"menu_order":0,"comment_status":"closed","ping_status":"closed","template":"template-full-width.php","meta":{"ngg_post_thumbnail":0,"footnotes":""},"class_list":["post-367","page","type-page","status-publish","hentry"],"_links":{"self":[{"href":"http:\/\/arte-cristal.de\/index.php?rest_route=\/wp\/v2\/pages\/367","targetHints":{"allow":["GET"]}}],"collection":[{"href":"http:\/\/arte-cristal.de\/index.php?rest_route=\/wp\/v2\/pages"}],"about":[{"href":"http:\/\/arte-cristal.de\/index.php?rest_route=\/wp\/v2\/types\/page"}],"author":[{"embeddable":true,"href":"http:\/\/arte-cristal.de\/index.php?rest_route=\/wp\/v2\/users\/1"}],"replies":[{"embeddable":true,"href":"http:\/\/arte-cristal.de\/index.php?rest_route=%2Fwp%2Fv2%2Fcomments&post=367"}],"version-history":[{"count":2,"href":"http:\/\/arte-cristal.de\/index.php?rest_route=\/wp\/v2\/pages\/367\/revisions"}],"predecessor-version":[{"id":376,"href":"http:\/\/arte-cristal.de\/index.php?rest_route=\/wp\/v2\/pages\/367\/revisions\/376"}],"wp:attachment":[{"href":"http:\/\/arte-cristal.de\/index.php?rest_route=%2Fwp%2Fv2%2Fmedia&parent=367"}],"curies":[{"name":"wp","href":"https:\/\/api.w.org\/{rel}","templated":true}]}}