{"id":118,"date":"2015-07-14T12:17:47","date_gmt":"2015-07-14T12:17:47","guid":{"rendered":"http:\/\/arte-cristal.de\/?page_id=118"},"modified":"2017-06-26T19:56:36","modified_gmt":"2017-06-26T19:56:36","slug":"silberschmuck","status":"publish","type":"page","link":"http:\/\/arte-cristal.de\/?page_id=118","title":{"rendered":"Silberschmuck"},"content":{"rendered":"<p>\n<div class=\"ngg-galleryoverview ngg-template-caption\" id=\"ngg-gallery-6ad8d3640dd28671b3539b343d2894b8-118\">\n\n\t\t\n\t<!-- Thumbnails -->\n\t\t\t\t\n\t<div id=\"ngg-image-13\" class=\"ngg-gallery-thumbnail-box\" \n\t\t\t\t\t\t\t\t\t\t>\n\t\t<div class=\"ngg-gallery-thumbnail\" >\n\t\t\t<a href=\"\n\t\t\thttp:\/\/arte-cristal.de\/wp-content\/gallery\/silberschmuck\/2015-07-13-16.37.44.jpg?t=1451004836\t\t\t\"\n\t\t\t\ttitle=\"Ohrstecker Silber 925 und Silber-vergoldet\"\n\t\t\t\tclass=\"ngg-fancybox\" rel=\"6ad8d3640dd28671b3539b343d2894b8\" data-image-id=\"13\" data-src=\"http:\/\/arte-cristal.de\/wp-content\/gallery\/silberschmuck\/2015-07-13-16.37.44.jpg?t=1451004836\" data-thumbnail=\"http:\/\/arte-cristal.de\/wp-content\/gallery\/silberschmuck\/thumbs\/thumbs_2015-07-13-16.37.44.jpg?t=1451004836\" data-title=\"Silberschmuck1\" data-description=\"Ohrstecker Silber 925 und Silber-vergoldet\"\t\t\t\t>\n\t\t\t\t\t\t\t\t<img title=\"Silberschmuck1\" alt=\"Silberschmuck1\" src=\"\n\t\t\t\t\t\t\t\t\t\thttp:\/\/arte-cristal.de\/wp-content\/gallery\/silberschmuck\/thumbs\/thumbs_2015-07-13-16.37.44.jpg?t=1451004836\t\t\t\t\" \n\t\t\t\t\twidth='240' height='160'\t\t\t\t\/>\n\t\t\t\t\t\t\t<\/a>\n\t\t\t<span>\n\t\t\tOhrstecker Silber 925 und Silber-vergoldet\t\t\t<\/span>\n\t\t<\/div>\n\t<\/div>\n\t\t\t\t\t\t\t\n\t<div id=\"ngg-image-27\" class=\"ngg-gallery-thumbnail-box\" \n\t\t\t\t\t\t\t\t\t\t>\n\t\t<div class=\"ngg-gallery-thumbnail\" >\n\t\t\t<a href=\"\n\t\t\thttp:\/\/arte-cristal.de\/wp-content\/gallery\/silberschmuck\/2015-07-13-19.39.28.jpg?t=1451004836\t\t\t\"\n\t\t\t\ttitle=\"Ring Silber 925 und Goldpl\u00e4ttchen 333\"\n\t\t\t\tclass=\"ngg-fancybox\" rel=\"6ad8d3640dd28671b3539b343d2894b8\" data-image-id=\"27\" data-src=\"http:\/\/arte-cristal.de\/wp-content\/gallery\/silberschmuck\/2015-07-13-19.39.28.jpg?t=1451004836\" data-thumbnail=\"http:\/\/arte-cristal.de\/wp-content\/gallery\/silberschmuck\/thumbs\/thumbs_2015-07-13-19.39.28.jpg?t=1451004836\" data-title=\"Silberschmuck4\" data-description=\"Ring Silber 925 und Goldpl\u00e4ttchen 333\"\t\t\t\t>\n\t\t\t\t\t\t\t\t<img title=\"Silberschmuck4\" alt=\"Silberschmuck4\" src=\"\n\t\t\t\t\t\t\t\t\t\thttp:\/\/arte-cristal.de\/wp-content\/gallery\/silberschmuck\/thumbs\/thumbs_2015-07-13-19.39.28.jpg?t=1451004836\t\t\t\t\" \n\t\t\t\t\twidth='240' height='160'\t\t\t\t\/>\n\t\t\t\t\t\t\t<\/a>\n\t\t\t<span>\n\t\t\tRing Silber 925 und Goldpl\u00e4ttchen 333\t\t\t<\/span>\n\t\t<\/div>\n\t<\/div>\n\t\t\t\t\t\t\t\n\t<div id=\"ngg-image-28\" class=\"ngg-gallery-thumbnail-box\" \n\t\t\t\t\t\t\t\t\t\t>\n\t\t<div class=\"ngg-gallery-thumbnail\" >\n\t\t\t<a href=\"\n\t\t\thttp:\/\/arte-cristal.de\/wp-content\/gallery\/silberschmuck\/2015-07-13-16.34.32.jpg?t=1451004836\t\t\t\"\n\t\t\t\ttitle=\"Ohrstecker Silber 925 und Silber-vergoldet\"\n\t\t\t\tclass=\"ngg-fancybox\" rel=\"6ad8d3640dd28671b3539b343d2894b8\" data-image-id=\"28\" data-src=\"http:\/\/arte-cristal.de\/wp-content\/gallery\/silberschmuck\/2015-07-13-16.34.32.jpg?t=1451004836\" data-thumbnail=\"http:\/\/arte-cristal.de\/wp-content\/gallery\/silberschmuck\/thumbs\/thumbs_2015-07-13-16.34.32.jpg?t=1451004836\" data-title=\"Silberschmuck2\" data-description=\"Ohrstecker Silber 925 und Silber-vergoldet\"\t\t\t\t>\n\t\t\t\t\t\t\t\t<img title=\"Silberschmuck2\" alt=\"Silberschmuck2\" src=\"\n\t\t\t\t\t\t\t\t\t\thttp:\/\/arte-cristal.de\/wp-content\/gallery\/silberschmuck\/thumbs\/thumbs_2015-07-13-16.34.32.jpg?t=1451004836\t\t\t\t\" \n\t\t\t\t\twidth='240' height='160'\t\t\t\t\/>\n\t\t\t\t\t\t\t<\/a>\n\t\t\t<span>\n\t\t\tOhrstecker Silber 925 und Silber-vergoldet\t\t\t<\/span>\n\t\t<\/div>\n\t<\/div>\n\t\t\t\t\t\t\t\n\t<div id=\"ngg-image-29\" class=\"ngg-gallery-thumbnail-box\" \n\t\t\t\t\t\t\t\t\t\t>\n\t\t<div class=\"ngg-gallery-thumbnail\" >\n\t\t\t<a href=\"\n\t\t\thttp:\/\/arte-cristal.de\/wp-content\/gallery\/silberschmuck\/2015-07-13-19.36.24.jpg?t=1553560875\t\t\t\"\n\t\t\t\ttitle=\"Anh\u00e4nger Silber 925\"\n\t\t\t\tclass=\"ngg-fancybox\" rel=\"6ad8d3640dd28671b3539b343d2894b8\" data-image-id=\"29\" data-src=\"http:\/\/arte-cristal.de\/wp-content\/gallery\/silberschmuck\/2015-07-13-19.36.24.jpg?t=1553560875\" data-thumbnail=\"http:\/\/arte-cristal.de\/wp-content\/gallery\/silberschmuck\/thumbs\/thumbs_2015-07-13-19.36.24.jpg?t=1553560875\" data-title=\"Silberschmuck5\" data-description=\"Anh\u00e4nger Silber 925\"\t\t\t\t>\n\t\t\t\t\t\t\t\t<img title=\"Silberschmuck5\" alt=\"Silberschmuck5\" src=\"\n\t\t\t\t\t\t\t\t\t\thttp:\/\/arte-cristal.de\/wp-content\/gallery\/silberschmuck\/thumbs\/thumbs_2015-07-13-19.36.24.jpg?t=1553560875\t\t\t\t\" \n\t\t\t\t\twidth='240' height='160'\t\t\t\t\/>\n\t\t\t\t\t\t\t<\/a>\n\t\t\t<span>\n\t\t\tAnh\u00e4nger Silber 925\t\t\t<\/span>\n\t\t<\/div>\n\t<\/div>\n\t\t\t\t\t\t\t\n\t<div id=\"ngg-image-31\" class=\"ngg-gallery-thumbnail-box\" \n\t\t\t\t\t\t\t\t\t\t>\n\t\t<div class=\"ngg-gallery-thumbnail\" >\n\t\t\t<a href=\"\n\t\t\thttp:\/\/arte-cristal.de\/wp-content\/gallery\/silberschmuck\/Armreif.png?t=1451004836\t\t\t\"\n\t\t\t\ttitle=\" \"\n\t\t\t\tclass=\"ngg-fancybox\" rel=\"6ad8d3640dd28671b3539b343d2894b8\" data-image-id=\"31\" data-src=\"http:\/\/arte-cristal.de\/wp-content\/gallery\/silberschmuck\/Armreif.png?t=1451004836\" data-thumbnail=\"http:\/\/arte-cristal.de\/wp-content\/gallery\/silberschmuck\/thumbs\/thumbs_Armreif.png?t=1451004836\" data-title=\"Silberschmuck7\" data-description=\" \"\t\t\t\t>\n\t\t\t\t\t\t\t\t<img title=\"Silberschmuck7\" alt=\"Silberschmuck7\" src=\"\n\t\t\t\t\t\t\t\t\t\thttp:\/\/arte-cristal.de\/wp-content\/gallery\/silberschmuck\/thumbs\/thumbs_Armreif.png?t=1451004836\t\t\t\t\" \n\t\t\t\t\twidth='240' height='160'\t\t\t\t\/>\n\t\t\t\t\t\t\t<\/a>\n\t\t\t<span>\n\t\t\t \t\t\t<\/span>\n\t\t<\/div>\n\t<\/div>\n\t\t\t\t\t\t\t\n\t<div id=\"ngg-image-32\" class=\"ngg-gallery-thumbnail-box\" \n\t\t\t\t\t\t\t\t\t\t>\n\t\t<div class=\"ngg-gallery-thumbnail\" >\n\t\t\t<a href=\"\n\t\t\thttp:\/\/arte-cristal.de\/wp-content\/gallery\/silberschmuck\/Silveranh%C3%A4nger1.png?t=1451004836\t\t\t\"\n\t\t\t\ttitle=\"Anh\u00e4nger Silber 925\"\n\t\t\t\tclass=\"ngg-fancybox\" rel=\"6ad8d3640dd28671b3539b343d2894b8\" data-image-id=\"32\" data-src=\"http:\/\/arte-cristal.de\/wp-content\/gallery\/silberschmuck\/Silveranh%C3%A4nger1.png?t=1451004836\" data-thumbnail=\"http:\/\/arte-cristal.de\/wp-content\/gallery\/silberschmuck\/thumbs\/thumbs_Silveranh%C3%A4nger1.png?t=1451004836\" data-title=\"Silberschmuck6\" data-description=\"Anh\u00e4nger Silber 925\"\t\t\t\t>\n\t\t\t\t\t\t\t\t<img title=\"Silberschmuck6\" alt=\"Silberschmuck6\" src=\"\n\t\t\t\t\t\t\t\t\t\thttp:\/\/arte-cristal.de\/wp-content\/gallery\/silberschmuck\/thumbs\/thumbs_Silveranh%C3%A4nger1.png?t=1451004836\t\t\t\t\" \n\t\t\t\t\twidth='240' height='160'\t\t\t\t\/>\n\t\t\t\t\t\t\t<\/a>\n\t\t\t<span>\n\t\t\tAnh\u00e4nger Silber 925\t\t\t<\/span>\n\t\t<\/div>\n\t<\/div>\n\t\t\t\t\t\t\t\n\t<div id=\"ngg-image-39\" class=\"ngg-gallery-thumbnail-box\" \n\t\t\t\t\t\t\t\t\t\t>\n\t\t<div class=\"ngg-gallery-thumbnail\" >\n\t\t\t<a href=\"\n\t\t\thttp:\/\/arte-cristal.de\/wp-content\/gallery\/silberschmuck\/04_2015-07-27-16.03.38.jpg?t=1451004836\t\t\t\"\n\t\t\t\ttitle=\"Ring Silber 925 mit Goldpl\u00e4ttchen 333\"\n\t\t\t\tclass=\"ngg-fancybox\" rel=\"6ad8d3640dd28671b3539b343d2894b8\" data-image-id=\"39\" data-src=\"http:\/\/arte-cristal.de\/wp-content\/gallery\/silberschmuck\/04_2015-07-27-16.03.38.jpg?t=1451004836\" data-thumbnail=\"http:\/\/arte-cristal.de\/wp-content\/gallery\/silberschmuck\/thumbs\/thumbs_04_2015-07-27-16.03.38.jpg?t=1451004836\" data-title=\"Silberschmuck3\" data-description=\"Ring Silber 925 mit Goldpl\u00e4ttchen 333\"\t\t\t\t>\n\t\t\t\t\t\t\t\t<img title=\"Silberschmuck3\" alt=\"Silberschmuck3\" src=\"\n\t\t\t\t\t\t\t\t\t\thttp:\/\/arte-cristal.de\/wp-content\/gallery\/silberschmuck\/thumbs\/thumbs_04_2015-07-27-16.03.38.jpg?t=1451004836\t\t\t\t\" \n\t\t\t\t\twidth='240' height='160'\t\t\t\t\/>\n\t\t\t\t\t\t\t<\/a>\n\t\t\t<span>\n\t\t\tRing Silber 925 mit Goldpl\u00e4ttchen 333\t\t\t<\/span>\n\t\t<\/div>\n\t<\/div>\n\t\t\t\t\t\t\t\n\t<div id=\"ngg-image-45\" class=\"ngg-gallery-thumbnail-box\" \n\t\t\t\t\t\t\t\t\t\t>\n\t\t<div class=\"ngg-gallery-thumbnail\" >\n\t\t\t<a href=\"\n\t\t\thttp:\/\/arte-cristal.de\/wp-content\/gallery\/silberschmuck\/2015-08-14-18_48_49.jpg?t=1451004836\t\t\t\"\n\t\t\t\ttitle=\"Silberringe 925\"\n\t\t\t\tclass=\"ngg-fancybox\" rel=\"6ad8d3640dd28671b3539b343d2894b8\" data-image-id=\"45\" data-src=\"http:\/\/arte-cristal.de\/wp-content\/gallery\/silberschmuck\/2015-08-14-18_48_49.jpg?t=1451004836\" data-thumbnail=\"http:\/\/arte-cristal.de\/wp-content\/gallery\/silberschmuck\/thumbs\/thumbs_2015-08-14-18_48_49.jpg?t=1451004836\" data-title=\"Silberschmuck8\" data-description=\"Silberringe 925\"\t\t\t\t>\n\t\t\t\t\t\t\t\t<img title=\"Silberschmuck8\" alt=\"Silberschmuck8\" src=\"\n\t\t\t\t\t\t\t\t\t\thttp:\/\/arte-cristal.de\/wp-content\/gallery\/silberschmuck\/thumbs\/thumbs_2015-08-14-18_48_49.jpg?t=1451004836\t\t\t\t\" \n\t\t\t\t\twidth='240' height='160'\t\t\t\t\/>\n\t\t\t\t\t\t\t<\/a>\n\t\t\t<span>\n\t\t\tSilberringe 925\t\t\t<\/span>\n\t\t<\/div>\n\t<\/div>\n\t\t\t\t\t\t\t\t<!-- Pagination -->\n\t\t<div class='ngg-clear'><\/div>\n<\/div>\n\n\t<\/p>\n","protected":false},"excerpt":{"rendered":"<p>Ohrstecker Silber 925 und Silber-vergoldet Ring Silber 925 und Goldpl\u00e4ttchen 333 Ohrstecker Silber 925 und Silber-vergoldet Anh\u00e4nger Silber 925 Anh\u00e4nger Silber 925 Ring Silber 925 [&hellip;]<\/p>\n","protected":false},"author":1,"featured_media":0,"parent":0,"menu_order":0,"comment_status":"closed","ping_status":"closed","template":"template-full-width.php","meta":{"ngg_post_thumbnail":0,"footnotes":""},"class_list":["post-118","page","type-page","status-publish","hentry"],"_links":{"self":[{"href":"http:\/\/arte-cristal.de\/index.php?rest_route=\/wp\/v2\/pages\/118","targetHints":{"allow":["GET"]}}],"collection":[{"href":"http:\/\/arte-cristal.de\/index.php?rest_route=\/wp\/v2\/pages"}],"about":[{"href":"http:\/\/arte-cristal.de\/index.php?rest_route=\/wp\/v2\/types\/page"}],"author":[{"embeddable":true,"href":"http:\/\/arte-cristal.de\/index.php?rest_route=\/wp\/v2\/users\/1"}],"replies":[{"embeddable":true,"href":"http:\/\/arte-cristal.de\/index.php?rest_route=%2Fwp%2Fv2%2Fcomments&post=118"}],"version-history":[{"count":8,"href":"http:\/\/arte-cristal.de\/index.php?rest_route=\/wp\/v2\/pages\/118\/revisions"}],"predecessor-version":[{"id":333,"href":"http:\/\/arte-cristal.de\/index.php?rest_route=\/wp\/v2\/pages\/118\/revisions\/333"}],"wp:attachment":[{"href":"http:\/\/arte-cristal.de\/index.php?rest_route=%2Fwp%2Fv2%2Fmedia&parent=118"}],"curies":[{"name":"wp","href":"https:\/\/api.w.org\/{rel}","templated":true}]}}