{"id":112,"date":"2015-07-14T12:17:09","date_gmt":"2015-07-14T12:17:09","guid":{"rendered":"http:\/\/arte-cristal.de\/?page_id=112"},"modified":"2017-08-01T16:07:47","modified_gmt":"2017-08-01T16:07:47","slug":"glasperlen","status":"publish","type":"page","link":"http:\/\/arte-cristal.de\/?page_id=112","title":{"rendered":"Glasperlen"},"content":{"rendered":"<p><a href=\"http:\/\/arte-cristal.de\/wp-content\/uploads\/2017\/08\/20151110_113611-2.jpg\">\n<div class=\"ngg-galleryoverview ngg-template-caption\" id=\"ngg-gallery-d6cfb9f752d99dc46b9c9f2bbd872644-112\">\n\n\t\t\n\t<!-- Thumbnails -->\n\t\t\t\t\n\t<div id=\"ngg-image-54\" class=\"ngg-gallery-thumbnail-box\" \n\t\t\t\t\t\t\t\t\t\t>\n\t\t<div class=\"ngg-gallery-thumbnail\" >\n\t\t\t<a href=\"\n\t\t\thttp:\/\/arte-cristal.de\/wp-content\/gallery\/glasperlen\/2015-10-26-22.12.25.jpg?t=1501603998\t\t\t\"\n\t\t\t\ttitle=\"Hohlperle\"\n\t\t\t\tclass=\"ngg-fancybox\" rel=\"d6cfb9f752d99dc46b9c9f2bbd872644\" data-image-id=\"54\" data-src=\"http:\/\/arte-cristal.de\/wp-content\/gallery\/glasperlen\/2015-10-26-22.12.25.jpg?t=1501603998\" data-thumbnail=\"http:\/\/arte-cristal.de\/wp-content\/gallery\/glasperlen\/thumbs\/thumbs_2015-10-26-22.12.25.jpg?t=1501603998\" data-title=\"Glasperle42\" data-description=\"Hohlperle\"\t\t\t\t>\n\t\t\t\t\t\t\t\t<img title=\"Glasperle42\" alt=\"Glasperle42\" src=\"\n\t\t\t\t\t\t\t\t\t\thttp:\/\/arte-cristal.de\/wp-content\/gallery\/glasperlen\/thumbs\/thumbs_2015-10-26-22.12.25.jpg?t=1501603998\t\t\t\t\" \n\t\t\t\t\twidth='240' height='160'\t\t\t\t\/>\n\t\t\t\t\t\t\t<\/a>\n\t\t\t<span>\n\t\t\tHohlperle\t\t\t<\/span>\n\t\t<\/div>\n\t<\/div>\n\t\t\t\t\t\t\t\n\t<div id=\"ngg-image-53\" class=\"ngg-gallery-thumbnail-box\" \n\t\t\t\t\t\t\t\t\t\t>\n\t\t<div class=\"ngg-gallery-thumbnail\" >\n\t\t\t<a href=\"\n\t\t\thttp:\/\/arte-cristal.de\/wp-content\/gallery\/glasperlen\/2015-10-26-22.15.46.jpg?t=1501603998\t\t\t\"\n\t\t\t\ttitle=\"Hohlperle\"\n\t\t\t\tclass=\"ngg-fancybox\" rel=\"d6cfb9f752d99dc46b9c9f2bbd872644\" data-image-id=\"53\" data-src=\"http:\/\/arte-cristal.de\/wp-content\/gallery\/glasperlen\/2015-10-26-22.15.46.jpg?t=1501603998\" data-thumbnail=\"http:\/\/arte-cristal.de\/wp-content\/gallery\/glasperlen\/thumbs\/thumbs_2015-10-26-22.15.46.jpg?t=1501603998\" data-title=\"Glasperle41\" data-description=\"Hohlperle\"\t\t\t\t>\n\t\t\t\t\t\t\t\t<img title=\"Glasperle41\" alt=\"Glasperle41\" src=\"\n\t\t\t\t\t\t\t\t\t\thttp:\/\/arte-cristal.de\/wp-content\/gallery\/glasperlen\/thumbs\/thumbs_2015-10-26-22.15.46.jpg?t=1501603998\t\t\t\t\" \n\t\t\t\t\twidth='240' height='160'\t\t\t\t\/>\n\t\t\t\t\t\t\t<\/a>\n\t\t\t<span>\n\t\t\tHohlperle\t\t\t<\/span>\n\t\t<\/div>\n\t<\/div>\n\t\t\t\t\t\t\t\n\t<div id=\"ngg-image-63\" class=\"ngg-gallery-thumbnail-box\" \n\t\t\t\t\t\t\t\t\t\t>\n\t\t<div class=\"ngg-gallery-thumbnail\" >\n\t\t\t<a href=\"\n\t\t\thttp:\/\/arte-cristal.de\/wp-content\/gallery\/glasperlen\/Glasperle-brombeer-rose.jpg?t=1501603998\t\t\t\"\n\t\t\t\ttitle=\"Glasperle brombeer-rose\"\n\t\t\t\tclass=\"ngg-fancybox\" rel=\"d6cfb9f752d99dc46b9c9f2bbd872644\" data-image-id=\"63\" data-src=\"http:\/\/arte-cristal.de\/wp-content\/gallery\/glasperlen\/Glasperle-brombeer-rose.jpg?t=1501603998\" data-thumbnail=\"http:\/\/arte-cristal.de\/wp-content\/gallery\/glasperlen\/thumbs\/thumbs_Glasperle-brombeer-rose.jpg?t=1501603998\" data-title=\"Glasperle brombeer-rose\" data-description=\"Glasperle brombeer-rose\"\t\t\t\t>\n\t\t\t\t\t\t\t\t<img title=\"Glasperle brombeer-rose\" alt=\"Glasperle brombeer-rose\" src=\"\n\t\t\t\t\t\t\t\t\t\thttp:\/\/arte-cristal.de\/wp-content\/gallery\/glasperlen\/thumbs\/thumbs_Glasperle-brombeer-rose.jpg?t=1501603998\t\t\t\t\" \n\t\t\t\t\twidth='240' height='160'\t\t\t\t\/>\n\t\t\t\t\t\t\t<\/a>\n\t\t\t<span>\n\t\t\tGlasperle brombeer-rose\t\t\t<\/span>\n\t\t<\/div>\n\t<\/div>\n\t\t\t\t\t\t\t\n\t<div id=\"ngg-image-16\" class=\"ngg-gallery-thumbnail-box\" \n\t\t\t\t\t\t\t\t\t\t>\n\t\t<div class=\"ngg-gallery-thumbnail\" >\n\t\t\t<a href=\"\n\t\t\thttp:\/\/arte-cristal.de\/wp-content\/gallery\/glasperlen\/2015-07-09-17.01.38.jpg?t=1553560874\t\t\t\"\n\t\t\t\ttitle=\"Glasperle mit Gold\"\n\t\t\t\tclass=\"ngg-fancybox\" rel=\"d6cfb9f752d99dc46b9c9f2bbd872644\" data-image-id=\"16\" data-src=\"http:\/\/arte-cristal.de\/wp-content\/gallery\/glasperlen\/2015-07-09-17.01.38.jpg?t=1553560874\" data-thumbnail=\"http:\/\/arte-cristal.de\/wp-content\/gallery\/glasperlen\/thumbs\/thumbs_2015-07-09-17.01.38.jpg?t=1553560874\" data-title=\"Glasperle1\" data-description=\"Glasperle mit Gold\"\t\t\t\t>\n\t\t\t\t\t\t\t\t<img title=\"Glasperle1\" alt=\"Glasperle1\" src=\"\n\t\t\t\t\t\t\t\t\t\thttp:\/\/arte-cristal.de\/wp-content\/gallery\/glasperlen\/thumbs\/thumbs_2015-07-09-17.01.38.jpg?t=1553560874\t\t\t\t\" \n\t\t\t\t\twidth='240' height='160'\t\t\t\t\/>\n\t\t\t\t\t\t\t<\/a>\n\t\t\t<span>\n\t\t\tGlasperle mit Gold\t\t\t<\/span>\n\t\t<\/div>\n\t<\/div>\n\t\t\t\t\t\t\t\n\t<div id=\"ngg-image-44\" class=\"ngg-gallery-thumbnail-box\" \n\t\t\t\t\t\t\t\t\t\t>\n\t\t<div class=\"ngg-gallery-thumbnail\" >\n\t\t\t<a href=\"\n\t\t\thttp:\/\/arte-cristal.de\/wp-content\/gallery\/glasperlen\/2015-07-09-16.56.33.jpg?t=1501603999\t\t\t\"\n\t\t\t\ttitle=\" \"\n\t\t\t\tclass=\"ngg-fancybox\" rel=\"d6cfb9f752d99dc46b9c9f2bbd872644\" data-image-id=\"44\" data-src=\"http:\/\/arte-cristal.de\/wp-content\/gallery\/glasperlen\/2015-07-09-16.56.33.jpg?t=1501603999\" data-thumbnail=\"http:\/\/arte-cristal.de\/wp-content\/gallery\/glasperlen\/thumbs\/thumbs_2015-07-09-16.56.33.jpg?t=1501603999\" data-title=\"Glasperle2\" data-description=\" \"\t\t\t\t>\n\t\t\t\t\t\t\t\t<img title=\"Glasperle2\" alt=\"Glasperle2\" src=\"\n\t\t\t\t\t\t\t\t\t\thttp:\/\/arte-cristal.de\/wp-content\/gallery\/glasperlen\/thumbs\/thumbs_2015-07-09-16.56.33.jpg?t=1501603999\t\t\t\t\" \n\t\t\t\t\twidth='240' height='160'\t\t\t\t\/>\n\t\t\t\t\t\t\t<\/a>\n\t\t\t<span>\n\t\t\t \t\t\t<\/span>\n\t\t<\/div>\n\t<\/div>\n\t\t\t\t\t\t\t\n\t<div id=\"ngg-image-15\" class=\"ngg-gallery-thumbnail-box\" \n\t\t\t\t\t\t\t\t\t\t>\n\t\t<div class=\"ngg-gallery-thumbnail\" >\n\t\t\t<a href=\"\n\t\t\thttp:\/\/arte-cristal.de\/wp-content\/gallery\/glasperlen\/2015-07-09-16.58.42.jpg?t=1501603999\t\t\t\"\n\t\t\t\ttitle=\" \"\n\t\t\t\tclass=\"ngg-fancybox\" rel=\"d6cfb9f752d99dc46b9c9f2bbd872644\" data-image-id=\"15\" data-src=\"http:\/\/arte-cristal.de\/wp-content\/gallery\/glasperlen\/2015-07-09-16.58.42.jpg?t=1501603999\" data-thumbnail=\"http:\/\/arte-cristal.de\/wp-content\/gallery\/glasperlen\/thumbs\/thumbs_2015-07-09-16.58.42.jpg?t=1501603999\" data-title=\"Glasperle3\" data-description=\" \"\t\t\t\t>\n\t\t\t\t\t\t\t\t<img title=\"Glasperle3\" alt=\"Glasperle3\" src=\"\n\t\t\t\t\t\t\t\t\t\thttp:\/\/arte-cristal.de\/wp-content\/gallery\/glasperlen\/thumbs\/thumbs_2015-07-09-16.58.42.jpg?t=1501603999\t\t\t\t\" \n\t\t\t\t\twidth='240' height='160'\t\t\t\t\/>\n\t\t\t\t\t\t\t<\/a>\n\t\t\t<span>\n\t\t\t \t\t\t<\/span>\n\t\t<\/div>\n\t<\/div>\n\t\t\t\t\t\t\t\n\t<div id=\"ngg-image-35\" class=\"ngg-gallery-thumbnail-box\" \n\t\t\t\t\t\t\t\t\t\t>\n\t\t<div class=\"ngg-gallery-thumbnail\" >\n\t\t\t<a href=\"\n\t\t\thttp:\/\/arte-cristal.de\/wp-content\/gallery\/glasperlen\/02_2015-07-27-16.06.18.jpg?t=1501603999\t\t\t\"\n\t\t\t\ttitle=\" \"\n\t\t\t\tclass=\"ngg-fancybox\" rel=\"d6cfb9f752d99dc46b9c9f2bbd872644\" data-image-id=\"35\" data-src=\"http:\/\/arte-cristal.de\/wp-content\/gallery\/glasperlen\/02_2015-07-27-16.06.18.jpg?t=1501603999\" data-thumbnail=\"http:\/\/arte-cristal.de\/wp-content\/gallery\/glasperlen\/thumbs\/thumbs_02_2015-07-27-16.06.18.jpg?t=1501603999\" data-title=\"Glasperle4\" data-description=\" \"\t\t\t\t>\n\t\t\t\t\t\t\t\t<img title=\"Glasperle4\" alt=\"Glasperle4\" src=\"\n\t\t\t\t\t\t\t\t\t\thttp:\/\/arte-cristal.de\/wp-content\/gallery\/glasperlen\/thumbs\/thumbs_02_2015-07-27-16.06.18.jpg?t=1501603999\t\t\t\t\" \n\t\t\t\t\twidth='240' height='160'\t\t\t\t\/>\n\t\t\t\t\t\t\t<\/a>\n\t\t\t<span>\n\t\t\t \t\t\t<\/span>\n\t\t<\/div>\n\t<\/div>\n\t\t\t\t\t\t\t\n\t<div id=\"ngg-image-18\" class=\"ngg-gallery-thumbnail-box\" \n\t\t\t\t\t\t\t\t\t\t>\n\t\t<div class=\"ngg-gallery-thumbnail\" >\n\t\t\t<a href=\"\n\t\t\thttp:\/\/arte-cristal.de\/wp-content\/gallery\/glasperlen\/2015-07-09-17.05.37.jpg?t=1501603999\t\t\t\"\n\t\t\t\ttitle=\" \"\n\t\t\t\tclass=\"ngg-fancybox\" rel=\"d6cfb9f752d99dc46b9c9f2bbd872644\" data-image-id=\"18\" data-src=\"http:\/\/arte-cristal.de\/wp-content\/gallery\/glasperlen\/2015-07-09-17.05.37.jpg?t=1501603999\" data-thumbnail=\"http:\/\/arte-cristal.de\/wp-content\/gallery\/glasperlen\/thumbs\/thumbs_2015-07-09-17.05.37.jpg?t=1501603999\" data-title=\"Glasperle5\" data-description=\" \"\t\t\t\t>\n\t\t\t\t\t\t\t\t<img title=\"Glasperle5\" alt=\"Glasperle5\" src=\"\n\t\t\t\t\t\t\t\t\t\thttp:\/\/arte-cristal.de\/wp-content\/gallery\/glasperlen\/thumbs\/thumbs_2015-07-09-17.05.37.jpg?t=1501603999\t\t\t\t\" \n\t\t\t\t\twidth='240' height='160'\t\t\t\t\/>\n\t\t\t\t\t\t\t<\/a>\n\t\t\t<span>\n\t\t\t \t\t\t<\/span>\n\t\t<\/div>\n\t<\/div>\n\t\t\t\t\t\t\t\n\t<div id=\"ngg-image-17\" class=\"ngg-gallery-thumbnail-box\" \n\t\t\t\t\t\t\t\t\t\t>\n\t\t<div class=\"ngg-gallery-thumbnail\" >\n\t\t\t<a href=\"\n\t\t\thttp:\/\/arte-cristal.de\/wp-content\/gallery\/glasperlen\/2015-07-09-17.03.19.jpg?t=1501603999\t\t\t\"\n\t\t\t\ttitle=\"Glasperle mit Silber\"\n\t\t\t\tclass=\"ngg-fancybox\" rel=\"d6cfb9f752d99dc46b9c9f2bbd872644\" data-image-id=\"17\" data-src=\"http:\/\/arte-cristal.de\/wp-content\/gallery\/glasperlen\/2015-07-09-17.03.19.jpg?t=1501603999\" data-thumbnail=\"http:\/\/arte-cristal.de\/wp-content\/gallery\/glasperlen\/thumbs\/thumbs_2015-07-09-17.03.19.jpg?t=1501603999\" data-title=\"Glasperle6\" data-description=\"Glasperle mit Silber\"\t\t\t\t>\n\t\t\t\t\t\t\t\t<img title=\"Glasperle6\" alt=\"Glasperle6\" src=\"\n\t\t\t\t\t\t\t\t\t\thttp:\/\/arte-cristal.de\/wp-content\/gallery\/glasperlen\/thumbs\/thumbs_2015-07-09-17.03.19.jpg?t=1501603999\t\t\t\t\" \n\t\t\t\t\twidth='240' height='160'\t\t\t\t\/>\n\t\t\t\t\t\t\t<\/a>\n\t\t\t<span>\n\t\t\tGlasperle mit Silber\t\t\t<\/span>\n\t\t<\/div>\n\t<\/div>\n\t\t\t\t\t\t\t\n\t<div id=\"ngg-image-19\" class=\"ngg-gallery-thumbnail-box\" \n\t\t\t\t\t\t\t\t\t\t>\n\t\t<div class=\"ngg-gallery-thumbnail\" >\n\t\t\t<a href=\"\n\t\t\thttp:\/\/arte-cristal.de\/wp-content\/gallery\/glasperlen\/2015-07-09-17.07.18.jpg?t=1501603999\t\t\t\"\n\t\t\t\ttitle=\"Glasperle mit Silber\"\n\t\t\t\tclass=\"ngg-fancybox\" rel=\"d6cfb9f752d99dc46b9c9f2bbd872644\" data-image-id=\"19\" data-src=\"http:\/\/arte-cristal.de\/wp-content\/gallery\/glasperlen\/2015-07-09-17.07.18.jpg?t=1501603999\" data-thumbnail=\"http:\/\/arte-cristal.de\/wp-content\/gallery\/glasperlen\/thumbs\/thumbs_2015-07-09-17.07.18.jpg?t=1501603999\" data-title=\"Glasperle7\" data-description=\"Glasperle mit Silber\"\t\t\t\t>\n\t\t\t\t\t\t\t\t<img title=\"Glasperle7\" alt=\"Glasperle7\" src=\"\n\t\t\t\t\t\t\t\t\t\thttp:\/\/arte-cristal.de\/wp-content\/gallery\/glasperlen\/thumbs\/thumbs_2015-07-09-17.07.18.jpg?t=1501603999\t\t\t\t\" \n\t\t\t\t\twidth='240' height='160'\t\t\t\t\/>\n\t\t\t\t\t\t\t<\/a>\n\t\t\t<span>\n\t\t\tGlasperle mit Silber\t\t\t<\/span>\n\t\t<\/div>\n\t<\/div>\n\t\t\t\t\t\t\t\n\t<div id=\"ngg-image-52\" class=\"ngg-gallery-thumbnail-box\" \n\t\t\t\t\t\t\t\t\t\t>\n\t\t<div class=\"ngg-gallery-thumbnail\" >\n\t\t\t<a href=\"\n\t\t\thttp:\/\/arte-cristal.de\/wp-content\/gallery\/glasperlen\/2015-08-14-18.37.49.jpg?t=1501603999\t\t\t\"\n\t\t\t\ttitle=\" \"\n\t\t\t\tclass=\"ngg-fancybox\" rel=\"d6cfb9f752d99dc46b9c9f2bbd872644\" data-image-id=\"52\" data-src=\"http:\/\/arte-cristal.de\/wp-content\/gallery\/glasperlen\/2015-08-14-18.37.49.jpg?t=1501603999\" data-thumbnail=\"http:\/\/arte-cristal.de\/wp-content\/gallery\/glasperlen\/thumbs\/thumbs_2015-08-14-18.37.49.jpg?t=1501603999\" data-title=\"Glasperle9\" data-description=\" \"\t\t\t\t>\n\t\t\t\t\t\t\t\t<img title=\"Glasperle9\" alt=\"Glasperle9\" src=\"\n\t\t\t\t\t\t\t\t\t\thttp:\/\/arte-cristal.de\/wp-content\/gallery\/glasperlen\/thumbs\/thumbs_2015-08-14-18.37.49.jpg?t=1501603999\t\t\t\t\" \n\t\t\t\t\twidth='240' height='160'\t\t\t\t\/>\n\t\t\t\t\t\t\t<\/a>\n\t\t\t<span>\n\t\t\t \t\t\t<\/span>\n\t\t<\/div>\n\t<\/div>\n\t\t\t\t\t\t\t\n\t<div id=\"ngg-image-36\" class=\"ngg-gallery-thumbnail-box\" \n\t\t\t\t\t\t\t\t\t\t>\n\t\t<div class=\"ngg-gallery-thumbnail\" >\n\t\t\t<a href=\"\n\t\t\thttp:\/\/arte-cristal.de\/wp-content\/gallery\/glasperlen\/2015-08-07-01-38-32.jpg?t=1501603999\t\t\t\"\n\t\t\t\ttitle=\" \"\n\t\t\t\tclass=\"ngg-fancybox\" rel=\"d6cfb9f752d99dc46b9c9f2bbd872644\" data-image-id=\"36\" data-src=\"http:\/\/arte-cristal.de\/wp-content\/gallery\/glasperlen\/2015-08-07-01-38-32.jpg?t=1501603999\" data-thumbnail=\"http:\/\/arte-cristal.de\/wp-content\/gallery\/glasperlen\/thumbs\/thumbs_2015-08-07-01-38-32.jpg?t=1501603999\" data-title=\"Glasperle91\" data-description=\" \"\t\t\t\t>\n\t\t\t\t\t\t\t\t<img title=\"Glasperle91\" alt=\"Glasperle91\" src=\"\n\t\t\t\t\t\t\t\t\t\thttp:\/\/arte-cristal.de\/wp-content\/gallery\/glasperlen\/thumbs\/thumbs_2015-08-07-01-38-32.jpg?t=1501603999\t\t\t\t\" \n\t\t\t\t\twidth='240' height='160'\t\t\t\t\/>\n\t\t\t\t\t\t\t<\/a>\n\t\t\t<span>\n\t\t\t \t\t\t<\/span>\n\t\t<\/div>\n\t<\/div>\n\t\t\t\t\t\t\t\n\t<div id=\"ngg-image-21\" class=\"ngg-gallery-thumbnail-box\" \n\t\t\t\t\t\t\t\t\t\t>\n\t\t<div class=\"ngg-gallery-thumbnail\" >\n\t\t\t<a href=\"\n\t\t\thttp:\/\/arte-cristal.de\/wp-content\/gallery\/glasperlen\/2015-07-09-17.09.35.jpg?t=1501603999\t\t\t\"\n\t\t\t\ttitle=\"Glasperle mit Aventurin\"\n\t\t\t\tclass=\"ngg-fancybox\" rel=\"d6cfb9f752d99dc46b9c9f2bbd872644\" data-image-id=\"21\" data-src=\"http:\/\/arte-cristal.de\/wp-content\/gallery\/glasperlen\/2015-07-09-17.09.35.jpg?t=1501603999\" data-thumbnail=\"http:\/\/arte-cristal.de\/wp-content\/gallery\/glasperlen\/thumbs\/thumbs_2015-07-09-17.09.35.jpg?t=1501603999\" data-title=\"Glasperle92\" data-description=\"Glasperle mit Aventurin\"\t\t\t\t>\n\t\t\t\t\t\t\t\t<img title=\"Glasperle92\" alt=\"Glasperle92\" src=\"\n\t\t\t\t\t\t\t\t\t\thttp:\/\/arte-cristal.de\/wp-content\/gallery\/glasperlen\/thumbs\/thumbs_2015-07-09-17.09.35.jpg?t=1501603999\t\t\t\t\" \n\t\t\t\t\twidth='240' height='160'\t\t\t\t\/>\n\t\t\t\t\t\t\t<\/a>\n\t\t\t<span>\n\t\t\tGlasperle mit Aventurin\t\t\t<\/span>\n\t\t<\/div>\n\t<\/div>\n\t\t\t\t\t\t\t\n\t<div id=\"ngg-image-22\" class=\"ngg-gallery-thumbnail-box\" \n\t\t\t\t\t\t\t\t\t\t>\n\t\t<div class=\"ngg-gallery-thumbnail\" >\n\t\t\t<a href=\"\n\t\t\thttp:\/\/arte-cristal.de\/wp-content\/gallery\/glasperlen\/2015-07-09-17.11.01.jpg?t=1501603999\t\t\t\"\n\t\t\t\ttitle=\"Glasperle mit Aventurin\"\n\t\t\t\tclass=\"ngg-fancybox\" rel=\"d6cfb9f752d99dc46b9c9f2bbd872644\" data-image-id=\"22\" data-src=\"http:\/\/arte-cristal.de\/wp-content\/gallery\/glasperlen\/2015-07-09-17.11.01.jpg?t=1501603999\" data-thumbnail=\"http:\/\/arte-cristal.de\/wp-content\/gallery\/glasperlen\/thumbs\/thumbs_2015-07-09-17.11.01.jpg?t=1501603999\" data-title=\"Glasperle93\" data-description=\"Glasperle mit Aventurin\"\t\t\t\t>\n\t\t\t\t\t\t\t\t<img title=\"Glasperle93\" alt=\"Glasperle93\" src=\"\n\t\t\t\t\t\t\t\t\t\thttp:\/\/arte-cristal.de\/wp-content\/gallery\/glasperlen\/thumbs\/thumbs_2015-07-09-17.11.01.jpg?t=1501603999\t\t\t\t\" \n\t\t\t\t\twidth='240' height='160'\t\t\t\t\/>\n\t\t\t\t\t\t\t<\/a>\n\t\t\t<span>\n\t\t\tGlasperle mit Aventurin\t\t\t<\/span>\n\t\t<\/div>\n\t<\/div>\n\t\t\t\t\t\t\t\n\t<div id=\"ngg-image-64\" class=\"ngg-gallery-thumbnail-box\" \n\t\t\t\t\t\t\t\t\t\t>\n\t\t<div class=\"ngg-gallery-thumbnail\" >\n\t\t\t<a href=\"\n\t\t\thttp:\/\/arte-cristal.de\/wp-content\/gallery\/glasperlen\/Einladung3.jpg?t=1501603999\t\t\t\"\n\t\t\t\ttitle=\"Glasperle t\u00fcrkis-petrol\"\n\t\t\t\tclass=\"ngg-fancybox\" rel=\"d6cfb9f752d99dc46b9c9f2bbd872644\" data-image-id=\"64\" data-src=\"http:\/\/arte-cristal.de\/wp-content\/gallery\/glasperlen\/Einladung3.jpg?t=1501603999\" data-thumbnail=\"http:\/\/arte-cristal.de\/wp-content\/gallery\/glasperlen\/thumbs\/thumbs_Einladung3.jpg?t=1501603999\" data-title=\"Einladung3\" data-description=\"Glasperle t\u00fcrkis-petrol\"\t\t\t\t>\n\t\t\t\t\t\t\t\t<img title=\"Einladung3\" alt=\"Einladung3\" src=\"\n\t\t\t\t\t\t\t\t\t\thttp:\/\/arte-cristal.de\/wp-content\/gallery\/glasperlen\/thumbs\/thumbs_Einladung3.jpg?t=1501603999\t\t\t\t\" \n\t\t\t\t\twidth='240' height='160'\t\t\t\t\/>\n\t\t\t\t\t\t\t<\/a>\n\t\t\t<span>\n\t\t\tGlasperle t\u00fcrkis-petrol\t\t\t<\/span>\n\t\t<\/div>\n\t<\/div>\n\t\t\t\t\t\t\t\n\t<div id=\"ngg-image-76\" class=\"ngg-gallery-thumbnail-box\" \n\t\t\t\t\t\t\t\t\t\t>\n\t\t<div class=\"ngg-gallery-thumbnail\" >\n\t\t\t<a href=\"\n\t\t\thttp:\/\/arte-cristal.de\/wp-content\/gallery\/glasperlen\/20151110_113611-2.jpg?t=1501603999\t\t\t\"\n\t\t\t\ttitle=\"Glasperle gr\u00fcn-T\u00fcrkis\"\n\t\t\t\tclass=\"ngg-fancybox\" rel=\"d6cfb9f752d99dc46b9c9f2bbd872644\" data-image-id=\"76\" data-src=\"http:\/\/arte-cristal.de\/wp-content\/gallery\/glasperlen\/20151110_113611-2.jpg?t=1501603999\" data-thumbnail=\"http:\/\/arte-cristal.de\/wp-content\/gallery\/glasperlen\/thumbs\/thumbs_20151110_113611-2.jpg?t=1501603999\" data-title=\"Glasperle95\" data-description=\"Glasperle gr\u00fcn-T\u00fcrkis\"\t\t\t\t>\n\t\t\t\t\t\t\t\t<img title=\"Glasperle95\" alt=\"Glasperle95\" src=\"\n\t\t\t\t\t\t\t\t\t\thttp:\/\/arte-cristal.de\/wp-content\/gallery\/glasperlen\/thumbs\/thumbs_20151110_113611-2.jpg?t=1501603999\t\t\t\t\" \n\t\t\t\t\twidth='240' height='160'\t\t\t\t\/>\n\t\t\t\t\t\t\t<\/a>\n\t\t\t<span>\n\t\t\tGlasperle gr\u00fcn-T\u00fcrkis\t\t\t<\/span>\n\t\t<\/div>\n\t<\/div>\n\t\t\t\t\t\t\t\n\t<div id=\"ngg-image-23\" class=\"ngg-gallery-thumbnail-box\" \n\t\t\t\t\t\t\t\t\t\t>\n\t\t<div class=\"ngg-gallery-thumbnail\" >\n\t\t\t<a href=\"\n\t\t\thttp:\/\/arte-cristal.de\/wp-content\/gallery\/glasperlen\/2015-07-09-17.29.13.jpg?t=1501603999\t\t\t\"\n\t\t\t\ttitle=\"Glasperle mit Silber\"\n\t\t\t\tclass=\"ngg-fancybox\" rel=\"d6cfb9f752d99dc46b9c9f2bbd872644\" data-image-id=\"23\" data-src=\"http:\/\/arte-cristal.de\/wp-content\/gallery\/glasperlen\/2015-07-09-17.29.13.jpg?t=1501603999\" data-thumbnail=\"http:\/\/arte-cristal.de\/wp-content\/gallery\/glasperlen\/thumbs\/thumbs_2015-07-09-17.29.13.jpg?t=1501603999\" data-title=\"Glasperle95\" data-description=\"Glasperle mit Silber\"\t\t\t\t>\n\t\t\t\t\t\t\t\t<img title=\"Glasperle95\" alt=\"Glasperle95\" src=\"\n\t\t\t\t\t\t\t\t\t\thttp:\/\/arte-cristal.de\/wp-content\/gallery\/glasperlen\/thumbs\/thumbs_2015-07-09-17.29.13.jpg?t=1501603999\t\t\t\t\" \n\t\t\t\t\twidth='240' height='160'\t\t\t\t\/>\n\t\t\t\t\t\t\t<\/a>\n\t\t\t<span>\n\t\t\tGlasperle mit Silber\t\t\t<\/span>\n\t\t<\/div>\n\t<\/div>\n\t\t\t\t\t\t\t\n\t<div id=\"ngg-image-14\" class=\"ngg-gallery-thumbnail-box\" \n\t\t\t\t\t\t\t\t\t\t>\n\t\t<div class=\"ngg-gallery-thumbnail\" >\n\t\t\t<a href=\"\n\t\t\thttp:\/\/arte-cristal.de\/wp-content\/gallery\/glasperlen\/2015-07-09-17.30.42.jpg?t=1501603999\t\t\t\"\n\t\t\t\ttitle=\" \"\n\t\t\t\tclass=\"ngg-fancybox\" rel=\"d6cfb9f752d99dc46b9c9f2bbd872644\" data-image-id=\"14\" data-src=\"http:\/\/arte-cristal.de\/wp-content\/gallery\/glasperlen\/2015-07-09-17.30.42.jpg?t=1501603999\" data-thumbnail=\"http:\/\/arte-cristal.de\/wp-content\/gallery\/glasperlen\/thumbs\/thumbs_2015-07-09-17.30.42.jpg?t=1501603999\" data-title=\"Glasperle96\" data-description=\" \"\t\t\t\t>\n\t\t\t\t\t\t\t\t<img title=\"Glasperle96\" alt=\"Glasperle96\" src=\"\n\t\t\t\t\t\t\t\t\t\thttp:\/\/arte-cristal.de\/wp-content\/gallery\/glasperlen\/thumbs\/thumbs_2015-07-09-17.30.42.jpg?t=1501603999\t\t\t\t\" \n\t\t\t\t\twidth='240' height='160'\t\t\t\t\/>\n\t\t\t\t\t\t\t<\/a>\n\t\t\t<span>\n\t\t\t \t\t\t<\/span>\n\t\t<\/div>\n\t<\/div>\n\t\t\t\t\t\t\t\n\t<div id=\"ngg-image-41\" class=\"ngg-gallery-thumbnail-box\" \n\t\t\t\t\t\t\t\t\t\t>\n\t\t<div class=\"ngg-gallery-thumbnail\" >\n\t\t\t<a href=\"\n\t\t\thttp:\/\/arte-cristal.de\/wp-content\/gallery\/glasperlen\/Glasperle-t%C3%BCrkis-1.png?t=1501603999\t\t\t\"\n\t\t\t\ttitle=\" \"\n\t\t\t\tclass=\"ngg-fancybox\" rel=\"d6cfb9f752d99dc46b9c9f2bbd872644\" data-image-id=\"41\" data-src=\"http:\/\/arte-cristal.de\/wp-content\/gallery\/glasperlen\/Glasperle-t%C3%BCrkis-1.png?t=1501603999\" data-thumbnail=\"http:\/\/arte-cristal.de\/wp-content\/gallery\/glasperlen\/thumbs\/thumbs_Glasperle-t%C3%BCrkis-1.png?t=1501603999\" data-title=\"Glasperle97\" data-description=\" \"\t\t\t\t>\n\t\t\t\t\t\t\t\t<img title=\"Glasperle97\" alt=\"Glasperle97\" src=\"\n\t\t\t\t\t\t\t\t\t\thttp:\/\/arte-cristal.de\/wp-content\/gallery\/glasperlen\/thumbs\/thumbs_Glasperle-t%C3%BCrkis-1.png?t=1501603999\t\t\t\t\" \n\t\t\t\t\twidth='240' height='160'\t\t\t\t\/>\n\t\t\t\t\t\t\t<\/a>\n\t\t\t<span>\n\t\t\t \t\t\t<\/span>\n\t\t<\/div>\n\t<\/div>\n\t\t\t\t\t\t\t\t<!-- Pagination -->\n\t\t<div class='ngg-clear'><\/div>\n<\/div>\n\n\t<\/p>\n","protected":false},"excerpt":{"rendered":"<p>Hohlperle Hohlperle Glasperle brombeer-rose Glasperle mit Gold Glasperle mit Silber Glasperle mit Silber Glasperle mit Aventurin Glasperle mit Aventurin Glasperle t\u00fcrkis-petrol Glasperle gr\u00fcn-T\u00fcrkis Glasperle mit [&hellip;]<\/p>\n","protected":false},"author":1,"featured_media":0,"parent":0,"menu_order":0,"comment_status":"closed","ping_status":"closed","template":"template-full-width.php","meta":{"ngg_post_thumbnail":0,"footnotes":""},"class_list":["post-112","page","type-page","status-publish","hentry"],"_links":{"self":[{"href":"http:\/\/arte-cristal.de\/index.php?rest_route=\/wp\/v2\/pages\/112","targetHints":{"allow":["GET"]}}],"collection":[{"href":"http:\/\/arte-cristal.de\/index.php?rest_route=\/wp\/v2\/pages"}],"about":[{"href":"http:\/\/arte-cristal.de\/index.php?rest_route=\/wp\/v2\/types\/page"}],"author":[{"embeddable":true,"href":"http:\/\/arte-cristal.de\/index.php?rest_route=\/wp\/v2\/users\/1"}],"replies":[{"embeddable":true,"href":"http:\/\/arte-cristal.de\/index.php?rest_route=%2Fwp%2Fv2%2Fcomments&post=112"}],"version-history":[{"count":4,"href":"http:\/\/arte-cristal.de\/index.php?rest_route=\/wp\/v2\/pages\/112\/revisions"}],"predecessor-version":[{"id":543,"href":"http:\/\/arte-cristal.de\/index.php?rest_route=\/wp\/v2\/pages\/112\/revisions\/543"}],"wp:attachment":[{"href":"http:\/\/arte-cristal.de\/index.php?rest_route=%2Fwp%2Fv2%2Fmedia&parent=112"}],"curies":[{"name":"wp","href":"https:\/\/api.w.org\/{rel}","templated":true}]}}